{"id":222,"date":"2024-06-23T12:08:35","date_gmt":"2024-06-23T15:08:35","guid":{"rendered":"https:\/\/idealmontagens.com.br\/montadores\/?page_id=222"},"modified":"2024-06-23T12:52:22","modified_gmt":"2024-06-23T15:52:22","slug":"obrigado","status":"publish","type":"page","link":"https:\/\/idealmontagens.com.br\/montadores\/obrigado\/","title":{"rendered":"Obrigado"},"content":{"rendered":"\t\t<div data-elementor-type=\"wp-page\" data-elementor-id=\"222\" class=\"elementor elementor-222\" data-elementor-post-type=\"page\">\n\t\t\t\t<div class=\"elementor-element elementor-element-ec7788e e-flex e-con-boxed e-con e-parent\" data-id=\"ec7788e\" data-element_type=\"container\">\n\t\t\t\t\t<div class=\"e-con-inner\">\n\t\t\t\t<div class=\"elementor-element elementor-element-b9fc178 elementor-widget elementor-widget-heading\" data-id=\"b9fc178\" data-element_type=\"widget\" data-widget_type=\"heading.default\">\n\t\t\t\t<div class=\"elementor-widget-container\">\n\t\t\t\t\t<h2 class=\"elementor-heading-title elementor-size-default\">Obrigado!<\/h2>\t\t\t\t<\/div>\n\t\t\t\t<\/div>\n\t\t\t\t<div class=\"elementor-element elementor-element-f79f32f elementor-widget elementor-widget-text-editor\" data-id=\"f79f32f\" data-element_type=\"widget\" data-widget_type=\"text-editor.default\">\n\t\t\t\t<div class=\"elementor-widget-container\">\n\t\t\t\t\t\t\t\t\tvoc\u00ea ser\u00e1 redirecionado em breve\t\t\t\t\t\t\t\t<\/div>\n\t\t\t\t<\/div>\n\t\t\t\t<div class=\"elementor-element elementor-element-9be836a elementor-widget__width-initial elementor-widget elementor-widget-html\" data-id=\"9be836a\" data-element_type=\"widget\" data-widget_type=\"html.default\">\n\t\t\t\t<div class=\"elementor-widget-container\">\n\t\t\t\t\t<!-- HTML -->\r\n<div id=\"loading-animation\">\r\n  <span>.<\/span><span>.<\/span><span>.<\/span>\r\n<\/div>\r\n\r\n<!-- CSS -->\r\n<style>\r\n  #loading-animation {\r\n    font-size: 50px;\r\n    text-align: center;\r\n    margin-top: -50px;\r\n  }\r\n\r\n  #loading-animation span {\r\n    display: inline-block;\r\n    animation: loading 1.5s infinite;\r\n  }\r\n\r\n  #loading-animation span:nth-child(2) {\r\n    animation-delay: 0.5s;\r\n  }\r\n\r\n  #loading-animation span:nth-child(3) {\r\n    animation-delay: 1s;\r\n  }\r\n\r\n  @keyframes loading {\r\n    0% { opacity: 0; }\r\n    50% { opacity: 1; }\r\n    100% { opacity: 0; }\r\n  }\r\n<\/style>\r\n\r\n<!-- JavaScript -->\r\n\r\n<script>\r\n  document.addEventListener('DOMContentLoaded', function() {\r\n      \r\n    \/\/ tempo de redirecionamento sem video\r\n    \r\n    var redirectTime = 15000;\r\n\r\n    \/\/ Link  o WhatsApp da ideal\r\n    \r\n    var whatsappLink = \"https:\/\/wa.me\/5562984717076?text=Ol%C3%A1%20desejo%20Fazer%20um%20Or%C3%A7amento%20De%20um%20servi%C3%A7o%20de%20*Montador%20de%20Moveis*\";\r\n\r\n    setTimeout(function() {\r\n      window.location.href = whatsappLink;\r\n    }, redirectTime);\r\n  });\r\n<\/script>\r\n\r\n\r\n\r\n\r\n\r\n\r\n\t\t\t\t<\/div>\n\t\t\t\t<\/div>\n\t\t\t\t<div class=\"elementor-element elementor-element-732db5f elementor-widget__width-initial elementor-widget elementor-widget-video\" data-id=\"732db5f\" data-element_type=\"widget\" data-settings=\"{&quot;video_type&quot;:&quot;hosted&quot;,&quot;autoplay&quot;:&quot;yes&quot;}\" data-widget_type=\"video.default\">\n\t\t\t\t<div class=\"elementor-widget-container\">\n\t\t\t\t\t\t\t<div class=\"e-hosted-video elementor-wrapper elementor-open-inline\">\n\t\t\t\t\t<video class=\"elementor-video\" src=\"https:\/\/idealmontagens.com.br\/montadores\/wp-content\/uploads\/2024\/06\/montador-de-moveis-orcamento.mp4\" autoplay=\"\" controlsList=\"nodownload\"><\/video>\n\t\t\t\t<\/div>\n\t\t\t\t\t\t<\/div>\n\t\t\t\t<\/div>\n\t\t\t\t\t<\/div>\n\t\t\t\t<\/div>\n\t\t\t\t<\/div>\n\t\t","protected":false},"excerpt":{"rendered":"<p>Obrigado! voc\u00ea ser\u00e1 redirecionado em breve &#8230; https:\/\/idealmontagens.com.br\/montadores\/wp-content\/uploads\/2024\/06\/montador-de-moveis-orcamento.mp4<\/p>\n","protected":false},"author":1,"featured_media":0,"parent":0,"menu_order":0,"comment_status":"closed","ping_status":"closed","template":"","meta":{"footnotes":""},"class_list":["post-222","page","type-page","status-publish","hentry"],"blocksy_meta":[],"yoast_head":"<!-- This site is optimized with the Yoast SEO plugin v26.5 - https:\/\/yoast.com\/wordpress\/plugins\/seo\/ -->\n<title>Obrigado - Montador de M\u00f3veis em Goi\u00e2nia e Regi\u00e3o<\/title>\n<meta name=\"robots\" content=\"noindex, nofollow\" \/>\n<meta property=\"og:locale\" content=\"pt_BR\" \/>\n<meta property=\"og:type\" content=\"article\" \/>\n<meta property=\"og:title\" content=\"Obrigado - Montador de M\u00f3veis em Goi\u00e2nia e Regi\u00e3o\" \/>\n<meta property=\"og:description\" content=\"Obrigado! voc\u00ea ser\u00e1 redirecionado em breve &#8230; https:\/\/idealmontagens.com.br\/montadores\/wp-content\/uploads\/2024\/06\/montador-de-moveis-orcamento.mp4\" \/>\n<meta property=\"og:url\" content=\"https:\/\/idealmontagens.com.br\/montadores\/obrigado\/\" \/>\n<meta property=\"og:site_name\" content=\"Montador de M\u00f3veis em Goi\u00e2nia e Regi\u00e3o\" \/>\n<meta property=\"article:modified_time\" content=\"2024-06-23T15:52:22+00:00\" \/>\n<meta name=\"twitter:card\" content=\"summary_large_image\" \/>\n<meta name=\"twitter:label1\" content=\"Est. tempo de leitura\" \/>\n\t<meta name=\"twitter:data1\" content=\"1 minuto\" \/>\n<script type=\"application\/ld+json\" class=\"yoast-schema-graph\">{\"@context\":\"https:\/\/schema.org\",\"@graph\":[{\"@type\":\"WebPage\",\"@id\":\"https:\/\/idealmontagens.com.br\/montadores\/obrigado\/\",\"url\":\"https:\/\/idealmontagens.com.br\/montadores\/obrigado\/\",\"name\":\"Obrigado - Montador de M\u00f3veis em Goi\u00e2nia e Regi\u00e3o\",\"isPartOf\":{\"@id\":\"https:\/\/idealmontagens.com.br\/montadores\/#website\"},\"datePublished\":\"2024-06-23T15:08:35+00:00\",\"dateModified\":\"2024-06-23T15:52:22+00:00\",\"breadcrumb\":{\"@id\":\"https:\/\/idealmontagens.com.br\/montadores\/obrigado\/#breadcrumb\"},\"inLanguage\":\"pt-BR\",\"potentialAction\":[{\"@type\":\"ReadAction\",\"target\":[\"https:\/\/idealmontagens.com.br\/montadores\/obrigado\/\"]}]},{\"@type\":\"BreadcrumbList\",\"@id\":\"https:\/\/idealmontagens.com.br\/montadores\/obrigado\/#breadcrumb\",\"itemListElement\":[{\"@type\":\"ListItem\",\"position\":1,\"name\":\"In\u00edcio\",\"item\":\"https:\/\/idealmontagens.com.br\/montadores\/\"},{\"@type\":\"ListItem\",\"position\":2,\"name\":\"Obrigado\"}]},{\"@type\":\"WebSite\",\"@id\":\"https:\/\/idealmontagens.com.br\/montadores\/#website\",\"url\":\"https:\/\/idealmontagens.com.br\/montadores\/\",\"name\":\"Montador de M\u00f3veis em Goi\u00e2nia e Regi\u00e3o\",\"description\":\"Montador de M\u00f3veis em Goi\u00e2nia, or\u00e7amento pelo WhatsApp.\",\"publisher\":{\"@id\":\"https:\/\/idealmontagens.com.br\/montadores\/#organization\"},\"potentialAction\":[{\"@type\":\"SearchAction\",\"target\":{\"@type\":\"EntryPoint\",\"urlTemplate\":\"https:\/\/idealmontagens.com.br\/montadores\/?s={search_term_string}\"},\"query-input\":{\"@type\":\"PropertyValueSpecification\",\"valueRequired\":true,\"valueName\":\"search_term_string\"}}],\"inLanguage\":\"pt-BR\"},{\"@type\":\"Organization\",\"@id\":\"https:\/\/idealmontagens.com.br\/montadores\/#organization\",\"name\":\"Montador de M\u00f3veis em Goi\u00e2nia e Regi\u00e3o\",\"url\":\"https:\/\/idealmontagens.com.br\/montadores\/\",\"logo\":{\"@type\":\"ImageObject\",\"inLanguage\":\"pt-BR\",\"@id\":\"https:\/\/idealmontagens.com.br\/montadores\/#\/schema\/logo\/image\/\",\"url\":\"\",\"contentUrl\":\"\",\"caption\":\"Montador de M\u00f3veis em Goi\u00e2nia e Regi\u00e3o\"},\"image\":{\"@id\":\"https:\/\/idealmontagens.com.br\/montadores\/#\/schema\/logo\/image\/\"}}]}<\/script>\n<!-- \/ Yoast SEO plugin. -->","yoast_head_json":{"title":"Obrigado - Montador de M\u00f3veis em Goi\u00e2nia e Regi\u00e3o","robots":{"index":"noindex","follow":"nofollow"},"og_locale":"pt_BR","og_type":"article","og_title":"Obrigado - Montador de M\u00f3veis em Goi\u00e2nia e Regi\u00e3o","og_description":"Obrigado! voc\u00ea ser\u00e1 redirecionado em breve &#8230; https:\/\/idealmontagens.com.br\/montadores\/wp-content\/uploads\/2024\/06\/montador-de-moveis-orcamento.mp4","og_url":"https:\/\/idealmontagens.com.br\/montadores\/obrigado\/","og_site_name":"Montador de M\u00f3veis em Goi\u00e2nia e Regi\u00e3o","article_modified_time":"2024-06-23T15:52:22+00:00","twitter_card":"summary_large_image","twitter_misc":{"Est. tempo de leitura":"1 minuto"},"schema":{"@context":"https:\/\/schema.org","@graph":[{"@type":"WebPage","@id":"https:\/\/idealmontagens.com.br\/montadores\/obrigado\/","url":"https:\/\/idealmontagens.com.br\/montadores\/obrigado\/","name":"Obrigado - Montador de M\u00f3veis em Goi\u00e2nia e Regi\u00e3o","isPartOf":{"@id":"https:\/\/idealmontagens.com.br\/montadores\/#website"},"datePublished":"2024-06-23T15:08:35+00:00","dateModified":"2024-06-23T15:52:22+00:00","breadcrumb":{"@id":"https:\/\/idealmontagens.com.br\/montadores\/obrigado\/#breadcrumb"},"inLanguage":"pt-BR","potentialAction":[{"@type":"ReadAction","target":["https:\/\/idealmontagens.com.br\/montadores\/obrigado\/"]}]},{"@type":"BreadcrumbList","@id":"https:\/\/idealmontagens.com.br\/montadores\/obrigado\/#breadcrumb","itemListElement":[{"@type":"ListItem","position":1,"name":"In\u00edcio","item":"https:\/\/idealmontagens.com.br\/montadores\/"},{"@type":"ListItem","position":2,"name":"Obrigado"}]},{"@type":"WebSite","@id":"https:\/\/idealmontagens.com.br\/montadores\/#website","url":"https:\/\/idealmontagens.com.br\/montadores\/","name":"Montador de M\u00f3veis em Goi\u00e2nia e Regi\u00e3o","description":"Montador de M\u00f3veis em Goi\u00e2nia, or\u00e7amento pelo WhatsApp.","publisher":{"@id":"https:\/\/idealmontagens.com.br\/montadores\/#organization"},"potentialAction":[{"@type":"SearchAction","target":{"@type":"EntryPoint","urlTemplate":"https:\/\/idealmontagens.com.br\/montadores\/?s={search_term_string}"},"query-input":{"@type":"PropertyValueSpecification","valueRequired":true,"valueName":"search_term_string"}}],"inLanguage":"pt-BR"},{"@type":"Organization","@id":"https:\/\/idealmontagens.com.br\/montadores\/#organization","name":"Montador de M\u00f3veis em Goi\u00e2nia e Regi\u00e3o","url":"https:\/\/idealmontagens.com.br\/montadores\/","logo":{"@type":"ImageObject","inLanguage":"pt-BR","@id":"https:\/\/idealmontagens.com.br\/montadores\/#\/schema\/logo\/image\/","url":"","contentUrl":"","caption":"Montador de M\u00f3veis em Goi\u00e2nia e Regi\u00e3o"},"image":{"@id":"https:\/\/idealmontagens.com.br\/montadores\/#\/schema\/logo\/image\/"}}]}},"_links":{"self":[{"href":"https:\/\/idealmontagens.com.br\/montadores\/wp-json\/wp\/v2\/pages\/222","targetHints":{"allow":["GET"]}}],"collection":[{"href":"https:\/\/idealmontagens.com.br\/montadores\/wp-json\/wp\/v2\/pages"}],"about":[{"href":"https:\/\/idealmontagens.com.br\/montadores\/wp-json\/wp\/v2\/types\/page"}],"author":[{"embeddable":true,"href":"https:\/\/idealmontagens.com.br\/montadores\/wp-json\/wp\/v2\/users\/1"}],"replies":[{"embeddable":true,"href":"https:\/\/idealmontagens.com.br\/montadores\/wp-json\/wp\/v2\/comments?post=222"}],"version-history":[{"count":22,"href":"https:\/\/idealmontagens.com.br\/montadores\/wp-json\/wp\/v2\/pages\/222\/revisions"}],"predecessor-version":[{"id":258,"href":"https:\/\/idealmontagens.com.br\/montadores\/wp-json\/wp\/v2\/pages\/222\/revisions\/258"}],"wp:attachment":[{"href":"https:\/\/idealmontagens.com.br\/montadores\/wp-json\/wp\/v2\/media?parent=222"}],"curies":[{"name":"wp","href":"https:\/\/api.w.org\/{rel}","templated":true}]}}